{"id":2063,"date":"2022-02-03T14:50:44","date_gmt":"2022-02-03T13:50:44","guid":{"rendered":"https:\/\/360grad.wallraf.museum\/?page_id=2063"},"modified":"2022-04-22T15:45:49","modified_gmt":"2022-04-22T13:45:49","slug":"e3_03_05","status":"publish","type":"page","link":"https:\/\/360grad.wallraf.museum\/en\/e3_03_05\/","title":{"rendered":"Bildinfo OG3 Selbstbildnis mit Johann Peter Weyer"},"content":{"rendered":"<div data-elementor-type=\"wp-page\" data-elementor-id=\"2063\" class=\"elementor elementor-2063\" data-elementor-settings=\"[]\">\n\t\t\t<div class=\"elementor-inner\">\n\t\t\t\t<div class=\"elementor-section-wrap\">\n\t\t\t\t\t\t\t<section class=\"elementor-element elementor-element-9c33dd2 elementor-section-stretched elementor-section-full_width popup elementor-section-height-default elementor-section-height-default elementor-section elementor-top-section\" data-id=\"9c33dd2\" data-element_type=\"section\" data-settings=\"{&quot;stretch_section&quot;:&quot;section-stretched&quot;}\">\n\t\t\t\t\t\t<div class=\"elementor-container elementor-column-gap-no\">\n\t\t\t\t<div class=\"elementor-row\">\n\t\t\t\t<div class=\"elementor-element elementor-element-cbd7b29 elementor-column elementor-col-100 elementor-top-column\" data-id=\"cbd7b29\" data-element_type=\"column\">\n\t\t\t<div class=\"elementor-column-wrap  elementor-element-populated\">\n\t\t\t\t\t<div class=\"elementor-widget-wrap\">\n\t\t\t\t<section class=\"elementor-element elementor-element-dca3e71 elementor-section-full_width popupheader elementor-section-height-default elementor-section-height-default elementor-section elementor-inner-section\" data-id=\"dca3e71\" data-element_type=\"section\" data-settings=\"{&quot;background_background&quot;:&quot;classic&quot;}\">\n\t\t\t\t\t\t<div class=\"elementor-container elementor-column-gap-no\">\n\t\t\t\t<div class=\"elementor-row\">\n\t\t\t\t<div class=\"elementor-element elementor-element-a76621b elementor-column elementor-col-100 elementor-inner-column\" data-id=\"a76621b\" data-element_type=\"column\">\n\t\t\t<div class=\"elementor-column-wrap  elementor-element-populated\">\n\t\t\t\t\t<div class=\"elementor-widget-wrap\">\n\t\t\t\t<div class=\"elementor-element elementor-element-b8c0365 elementor-widget elementor-widget-text-editor\" data-id=\"b8c0365\" data-element_type=\"widget\" data-widget_type=\"text-editor.default\">\n\t\t\t\t<div class=\"elementor-widget-container\">\n\t\t\t\t\t<div class=\"elementor-text-editor elementor-clearfix\"><h2>Self-Portrait with Johann Peter Weyer<\/h2><\/div>\n\t\t\t\t<\/div>\n\t\t\t\t<\/div>\n\t\t\t\t<div class=\"elementor-element elementor-element-6e2858e elementor-widget elementor-widget-text-editor\" data-id=\"6e2858e\" data-element_type=\"widget\" data-widget_type=\"text-editor.default\">\n\t\t\t\t<div class=\"elementor-widget-container\">\n\t\t\t\t\t<div class=\"elementor-text-editor elementor-clearfix\"><p><strong>1813 <\/strong>&nbsp;|\u00a0 CARL BEGAS THE ELDER <em>(Heinsberg\/Aachen 1794 \u2013 1854 Berlin)<\/em><\/p><\/div>\n\t\t\t\t<\/div>\n\t\t\t\t<\/div>\n\t\t\t\t\t\t<\/div>\n\t\t\t<\/div>\n\t\t<\/div>\n\t\t\t\t\t\t<\/div>\n\t\t\t<\/div>\n\t\t<\/section>\n\t\t\t\t<section class=\"elementor-element elementor-element-b22402c elementor-section-full_width popupbody elementor-section-height-default elementor-section-height-default elementor-section elementor-inner-section\" data-id=\"b22402c\" data-element_type=\"section\" data-settings=\"{&quot;background_background&quot;:&quot;classic&quot;}\">\n\t\t\t\t\t\t<div class=\"elementor-container elementor-column-gap-extended\">\n\t\t\t\t<div class=\"elementor-row\">\n\t\t\t\t<div class=\"elementor-element elementor-element-071733b elementor-column elementor-col-33 elementor-inner-column\" data-id=\"071733b\" data-element_type=\"column\">\n\t\t\t<div class=\"elementor-column-wrap\">\n\t\t\t\t\t<div class=\"elementor-widget-wrap\">\n\t\t\t\t\t\t<\/div>\n\t\t\t<\/div>\n\t\t<\/div>\n\t\t\t\t<div class=\"elementor-element elementor-element-d4d7b4c elementor-column elementor-col-33 elementor-inner-column\" data-id=\"d4d7b4c\" data-element_type=\"column\">\n\t\t\t<div class=\"elementor-column-wrap  elementor-element-populated\">\n\t\t\t\t\t<div class=\"elementor-widget-wrap\">\n\t\t\t\t<div class=\"elementor-element elementor-element-9118688 elementor-widget elementor-widget-text-editor\" data-id=\"9118688\" data-element_type=\"widget\" data-widget_type=\"text-editor.default\">\n\t\t\t\t<div class=\"elementor-widget-container\">\n\t\t\t\t\t<div class=\"elementor-text-editor elementor-clearfix\"><p><strong>Oil on canvas<\/strong><\/p><p>Acquired 1927 as a transfer from the Rheinisches Museum, Cologne<br \/>WRM 2340<\/p><\/div>\n\t\t\t\t<\/div>\n\t\t\t\t<\/div>\n\t\t\t\t\t\t<\/div>\n\t\t\t<\/div>\n\t\t<\/div>\n\t\t\t\t<div class=\"elementor-element elementor-element-b7c48be mediapanel elementor-column elementor-col-33 elementor-inner-column\" data-id=\"b7c48be\" data-element_type=\"column\">\n\t\t\t<div class=\"elementor-column-wrap\">\n\t\t\t\t\t<div class=\"elementor-widget-wrap\">\n\t\t\t\t\t\t<\/div>\n\t\t\t<\/div>\n\t\t<\/div>\n\t\t\t\t\t\t<\/div>\n\t\t\t<\/div>\n\t\t<\/section>\n\t\t\t\t\t\t<\/div>\n\t\t\t<\/div>\n\t\t<\/div>\n\t\t\t\t\t\t<\/div>\n\t\t\t<\/div>\n\t\t<\/section>\n\t\t\t\t\t\t<\/div>\n\t\t\t<\/div>\n\t\t<\/div>\n\t\t<div id=\"socialmedialinks\"><a href=\"https:\/\/www.facebook.com\/wallraf.museum\">\n\t\t\t\t\t\t\t<img width=\"30\" height=\"30\" src=\"https:\/\/360grad.wallraf.museum\/wp-content\/uploads\/Icon_Social_fb.png\" class=\"attachment-full size-full\" alt=\"\" loading=\"lazy\" \/>\t\t\t\t\t\t\t\t<\/a><a href=\"https:\/\/www.instagram.com\/wallrafrichartzmuseum\/\">\n\t\t\t\t\t\t\t<img width=\"30\" height=\"30\" src=\"https:\/\/360grad.wallraf.museum\/wp-content\/uploads\/Icon_Social_instagram.png\" class=\"attachment-full size-full\" alt=\"\" loading=\"lazy\" \/>\t\t\t\t\t\t\t\t<\/a><\/div><script><\/script>","protected":false},"excerpt":{"rendered":"<p>Selbstbildnis mit Johann Peter Weyer 1813 &nbsp;|&nbsp; CARL BEGAS D. \u00c4. (Heinsberg\/Aachen 1794 \u2013 1854 Berlin) \u00d6l auf Leinwand Erworben 1927 als \u00dcberweisung vom Rheinischen Museum, K\u00f6lnWRM 2340<\/p>","protected":false},"author":3,"featured_media":0,"parent":0,"menu_order":1,"comment_status":"closed","ping_status":"closed","template":"","meta":[],"_links":{"self":[{"href":"https:\/\/360grad.wallraf.museum\/en\/wp-json\/wp\/v2\/pages\/2063"}],"collection":[{"href":"https:\/\/360grad.wallraf.museum\/en\/wp-json\/wp\/v2\/pages"}],"about":[{"href":"https:\/\/360grad.wallraf.museum\/en\/wp-json\/wp\/v2\/types\/page"}],"author":[{"embeddable":true,"href":"https:\/\/360grad.wallraf.museum\/en\/wp-json\/wp\/v2\/users\/3"}],"replies":[{"embeddable":true,"href":"https:\/\/360grad.wallraf.museum\/en\/wp-json\/wp\/v2\/comments?post=2063"}],"version-history":[{"count":5,"href":"https:\/\/360grad.wallraf.museum\/en\/wp-json\/wp\/v2\/pages\/2063\/revisions"}],"predecessor-version":[{"id":5275,"href":"https:\/\/360grad.wallraf.museum\/en\/wp-json\/wp\/v2\/pages\/2063\/revisions\/5275"}],"wp:attachment":[{"href":"https:\/\/360grad.wallraf.museum\/en\/wp-json\/wp\/v2\/media?parent=2063"}],"curies":[{"name":"wp","href":"https:\/\/api.w.org\/{rel}","templated":true}]}}