{"id":413,"date":"2020-08-25T11:31:45","date_gmt":"2020-08-25T09:31:45","guid":{"rendered":"https:\/\/360grad.wallraf.museum\/?page_id=413"},"modified":"2020-10-23T15:47:16","modified_gmt":"2020-10-23T13:47:16","slug":"e2_09_00a","status":"publish","type":"page","link":"https:\/\/360grad.wallraf.museum\/en\/e2_09_00a\/","title":{"rendered":"Wandtext OG2 Mehr Licht"},"content":{"rendered":"<div data-elementor-type=\"wp-page\" data-elementor-id=\"413\" class=\"elementor elementor-413\" data-elementor-settings=\"[]\">\n\t\t\t<div class=\"elementor-inner\">\n\t\t\t\t<div class=\"elementor-section-wrap\">\n\t\t\t\t\t\t\t<section class=\"elementor-element elementor-element-eac2739 elementor-section-stretched elementor-section-full_width popup elementor-section-height-default elementor-section-height-default elementor-section elementor-top-section\" data-id=\"eac2739\" data-element_type=\"section\" data-settings=\"{&quot;stretch_section&quot;:&quot;section-stretched&quot;}\">\n\t\t\t\t\t\t<div class=\"elementor-container elementor-column-gap-no\">\n\t\t\t\t<div class=\"elementor-row\">\n\t\t\t\t<div class=\"elementor-element elementor-element-535918c elementor-column elementor-col-100 elementor-top-column\" data-id=\"535918c\" data-element_type=\"column\">\n\t\t\t<div class=\"elementor-column-wrap  elementor-element-populated\">\n\t\t\t\t\t<div class=\"elementor-widget-wrap\">\n\t\t\t\t<section class=\"elementor-element elementor-element-98504e4 elementor-section-full_width popupheader elementor-section-height-default elementor-section-height-default elementor-section elementor-inner-section\" data-id=\"98504e4\" data-element_type=\"section\" data-settings=\"{&quot;background_background&quot;:&quot;classic&quot;}\">\n\t\t\t\t\t\t<div class=\"elementor-container elementor-column-gap-no\">\n\t\t\t\t<div class=\"elementor-row\">\n\t\t\t\t<div class=\"elementor-element elementor-element-b6b6323 elementor-column elementor-col-100 elementor-inner-column\" data-id=\"b6b6323\" data-element_type=\"column\">\n\t\t\t<div class=\"elementor-column-wrap  elementor-element-populated\">\n\t\t\t\t\t<div class=\"elementor-widget-wrap\">\n\t\t\t\t<div class=\"elementor-element elementor-element-d35f97d elementor-widget elementor-widget-text-editor\" data-id=\"d35f97d\" data-element_type=\"widget\" data-widget_type=\"text-editor.default\">\n\t\t\t\t<div class=\"elementor-widget-container\">\n\t\t\t\t\t<div class=\"elementor-text-editor elementor-clearfix\"><h2>Gallery 9<\/h2><\/div>\n\t\t\t\t<\/div>\n\t\t\t\t<\/div>\n\t\t\t\t<div class=\"elementor-element elementor-element-0a679c9 elementor-widget elementor-widget-text-editor\" data-id=\"0a679c9\" data-element_type=\"widget\" data-widget_type=\"text-editor.default\">\n\t\t\t\t<div class=\"elementor-widget-container\">\n\t\t\t\t\t<div class=\"elementor-text-editor elementor-clearfix\"><\/div>\n\t\t\t\t<\/div>\n\t\t\t\t<\/div>\n\t\t\t\t\t\t<\/div>\n\t\t\t<\/div>\n\t\t<\/div>\n\t\t\t\t\t\t<\/div>\n\t\t\t<\/div>\n\t\t<\/section>\n\t\t\t\t<section class=\"elementor-element elementor-element-e9a1fc0 elementor-section-full_width popupbody elementor-section-height-default elementor-section-height-default elementor-section elementor-inner-section\" data-id=\"e9a1fc0\" data-element_type=\"section\" data-settings=\"{&quot;background_background&quot;:&quot;classic&quot;}\">\n\t\t\t\t\t\t<div class=\"elementor-container elementor-column-gap-extended\">\n\t\t\t\t<div class=\"elementor-row\">\n\t\t\t\t<div class=\"elementor-element elementor-element-60d1979 elementor-column elementor-col-33 elementor-inner-column\" data-id=\"60d1979\" data-element_type=\"column\">\n\t\t\t<div class=\"elementor-column-wrap\">\n\t\t\t\t\t<div class=\"elementor-widget-wrap\">\n\t\t\t\t\t\t<\/div>\n\t\t\t<\/div>\n\t\t<\/div>\n\t\t\t\t<div class=\"elementor-element elementor-element-c248cea elementor-column elementor-col-33 elementor-inner-column\" data-id=\"c248cea\" data-element_type=\"column\">\n\t\t\t<div class=\"elementor-column-wrap  elementor-element-populated\">\n\t\t\t\t\t<div class=\"elementor-widget-wrap\">\n\t\t\t\t<div class=\"elementor-element elementor-element-3039fea elementor-widget elementor-widget-heading\" data-id=\"3039fea\" data-element_type=\"widget\" data-widget_type=\"heading.default\">\n\t\t\t\t<div class=\"elementor-widget-container\">\n\t\t\t<h1 class=\"elementor-heading-title elementor-size-default\">More Light!<\/h1>\t\t<\/div>\n\t\t\t\t<\/div>\n\t\t\t\t<div class=\"elementor-element elementor-element-12b3b64 elementor-widget elementor-widget-text-editor\" data-id=\"12b3b64\" data-element_type=\"widget\" data-widget_type=\"text-editor.default\">\n\t\t\t\t<div class=\"elementor-widget-container\">\n\t\t\t\t\t<div class=\"elementor-text-editor elementor-clearfix\"><p>Das 18. Jahrhundert wird auch das Zeitalter der Aufkl\u00e4rung genannt. Vor allem franz\u00f6sische Philosophen betonten in ihren Schriften die Rolle der Vernunft gegen\u00fcber der des Glaubens, sie zeigten neues Interesse an der Erziehung und der Beeinflussbarkeit des freien Willens. Mit der Idee der Gleichheit und Freiheit aller Menschen bereiteten sie den N\u00e4hrboden f\u00fcr&nbsp; die Abschaffung der Adelsherrschaft. Die bildende Kunst spiegelt das neue Denken und F\u00fchlen: Mode und Haltung der Menschen werden gel\u00f6ster, mit der Erotik wird offenherziger umgegangen, man sp\u00fcrt hier und da eine neue Leichtigkeit des Seins. Die Franzosen, deren h\u00f6fische Lebensart und Sprache die europ\u00e4ische Kultur dominierten, stellten auch viele der bedeutendsten Maler der Epoche. Mit Boucher, Largillierre, Rigaud und Lancret sind einige davon hier vertreten.<\/p>\n<p>After the Netherlands, the Germans likewise adopted the new fashion. It is noticeable that the paintings became smaller in size. This suggests that the circle of buyers may have been more modest in its wishes, or at least behaved as if that were so. If you step back into Gallery 1, you will immediately notice the difference to the art of the previous century.&nbsp;<\/p>\n<p>The direction in which art developed from then on can be seen on the top storey.&nbsp;<\/p><\/div>\n\t\t\t\t<\/div>\n\t\t\t\t<\/div>\n\t\t\t\t\t\t<\/div>\n\t\t\t<\/div>\n\t\t<\/div>\n\t\t\t\t<div class=\"elementor-element elementor-element-af99433 mediapanel elementor-column elementor-col-33 elementor-inner-column\" data-id=\"af99433\" data-element_type=\"column\">\n\t\t\t<div class=\"elementor-column-wrap\">\n\t\t\t\t\t<div class=\"elementor-widget-wrap\">\n\t\t\t\t\t\t<\/div>\n\t\t\t<\/div>\n\t\t<\/div>\n\t\t\t\t\t\t<\/div>\n\t\t\t<\/div>\n\t\t<\/section>\n\t\t\t\t\t\t<\/div>\n\t\t\t<\/div>\n\t\t<\/div>\n\t\t\t\t\t\t<\/div>\n\t\t\t<\/div>\n\t\t<\/section>\n\t\t\t\t\t\t<\/div>\n\t\t\t<\/div>\n\t\t<\/div>\n\t\t<div id=\"socialmedialinks\"><a href=\"https:\/\/www.facebook.com\/wallraf.museum\">\n\t\t\t\t\t\t\t<img width=\"30\" height=\"30\" src=\"https:\/\/360grad.wallraf.museum\/wp-content\/uploads\/Icon_Social_fb.png\" class=\"attachment-full size-full\" alt=\"\" loading=\"lazy\" \/>\t\t\t\t\t\t\t\t<\/a><a href=\"https:\/\/www.instagram.com\/wallrafrichartzmuseum\/\">\n\t\t\t\t\t\t\t<img width=\"30\" height=\"30\" src=\"https:\/\/360grad.wallraf.museum\/wp-content\/uploads\/Icon_Social_instagram.png\" class=\"attachment-full size-full\" alt=\"\" loading=\"lazy\" \/>\t\t\t\t\t\t\t\t<\/a><\/div><script><\/script>","protected":false},"excerpt":{"rendered":"<p>Saal 9 Mehr Licht! Das 18. Jahrhundert wird auch das Zeitalter der Aufkl\u00e4rung genannt. Vor allem franz\u00f6sische Philosophen betonten in ihren Schriften die Rolle der Vernunft gegen\u00fcber der des Glaubens, sie zeigten neues Interesse an der Erziehung und der Beeinflussbarkeit des freien Willens. Mit der Idee der Gleichheit und Freiheit aller Menschen bereiteten sie den [&hellip;]<\/p>","protected":false},"author":3,"featured_media":0,"parent":0,"menu_order":1,"comment_status":"closed","ping_status":"closed","template":"elementor_header_footer","meta":[],"_links":{"self":[{"href":"https:\/\/360grad.wallraf.museum\/en\/wp-json\/wp\/v2\/pages\/413"}],"collection":[{"href":"https:\/\/360grad.wallraf.museum\/en\/wp-json\/wp\/v2\/pages"}],"about":[{"href":"https:\/\/360grad.wallraf.museum\/en\/wp-json\/wp\/v2\/types\/page"}],"author":[{"embeddable":true,"href":"https:\/\/360grad.wallraf.museum\/en\/wp-json\/wp\/v2\/users\/3"}],"replies":[{"embeddable":true,"href":"https:\/\/360grad.wallraf.museum\/en\/wp-json\/wp\/v2\/comments?post=413"}],"version-history":[{"count":10,"href":"https:\/\/360grad.wallraf.museum\/en\/wp-json\/wp\/v2\/pages\/413\/revisions"}],"predecessor-version":[{"id":1001,"href":"https:\/\/360grad.wallraf.museum\/en\/wp-json\/wp\/v2\/pages\/413\/revisions\/1001"}],"wp:attachment":[{"href":"https:\/\/360grad.wallraf.museum\/en\/wp-json\/wp\/v2\/media?parent=413"}],"curies":[{"name":"wp","href":"https:\/\/api.w.org\/{rel}","templated":true}]}}