{"id":5437,"date":"2023-01-24T12:30:26","date_gmt":"2023-01-24T11:30:26","guid":{"rendered":"https:\/\/360grad.wallraf.museum\/?page_id=5437"},"modified":"2025-12-04T13:04:09","modified_gmt":"2025-12-04T12:04:09","slug":"erweiterungsbau","status":"publish","type":"page","link":"https:\/\/360grad.wallraf.museum\/en\/erweiterungsbau\/","title":{"rendered":"Erweiterungsbau"},"content":{"rendered":"<div data-elementor-type=\"wp-page\" data-elementor-id=\"5437\" class=\"elementor elementor-5437\" data-elementor-settings=\"[]\">\n\t\t\t<div class=\"elementor-inner\">\n\t\t\t\t<div class=\"elementor-section-wrap\">\n\t\t\t\t\t\t\t<section class=\"elementor-element elementor-element-e4dffd1 elementor-section-full_width elementor-section-height-default elementor-section-height-default elementor-section elementor-top-section\" data-id=\"e4dffd1\" data-element_type=\"section\">\n\t\t\t\t\t\t<div class=\"elementor-container elementor-column-gap-no\">\n\t\t\t\t<div class=\"elementor-row\">\n\t\t\t\t<div class=\"elementor-element elementor-element-959df4a elementor-column elementor-col-100 elementor-top-column\" data-id=\"959df4a\" data-element_type=\"column\">\n\t\t\t<div class=\"elementor-column-wrap  elementor-element-populated\">\n\t\t\t\t\t<div class=\"elementor-widget-wrap\">\n\t\t\t\t<section class=\"elementor-element elementor-element-a7f301a elementor-section-full_width ebheader elementor-section-height-default elementor-section-height-default elementor-section elementor-inner-section\" data-id=\"a7f301a\" data-element_type=\"section\" data-settings=\"{&quot;background_background&quot;:&quot;classic&quot;}\">\n\t\t\t\t\t\t<div class=\"elementor-container elementor-column-gap-no\">\n\t\t\t\t<div class=\"elementor-row\">\n\t\t\t\t<div class=\"elementor-element elementor-element-78af169 elementor-column elementor-col-100 elementor-inner-column\" data-id=\"78af169\" data-element_type=\"column\">\n\t\t\t<div class=\"elementor-column-wrap\">\n\t\t\t\t\t<div class=\"elementor-widget-wrap\">\n\t\t\t\t\t\t<\/div>\n\t\t\t<\/div>\n\t\t<\/div>\n\t\t\t\t\t\t<\/div>\n\t\t\t<\/div>\n\t\t<\/section>\n\t\t\t\t<section class=\"elementor-element elementor-element-64addab elementor-section-full_width ebtitle elementor-section-height-default elementor-section-height-default elementor-section elementor-inner-section\" data-id=\"64addab\" data-element_type=\"section\">\n\t\t\t\t\t\t<div class=\"elementor-container elementor-column-gap-no\">\n\t\t\t\t<div class=\"elementor-row\">\n\t\t\t\t<div class=\"elementor-element elementor-element-8ec068f elementor-column elementor-col-100 elementor-inner-column\" data-id=\"8ec068f\" data-element_type=\"column\">\n\t\t\t<div class=\"elementor-column-wrap  elementor-element-populated\">\n\t\t\t\t\t<div class=\"elementor-widget-wrap\">\n\t\t\t\t<div class=\"elementor-element elementor-element-b2df650 elementor-widget elementor-widget-text-editor\" data-id=\"b2df650\" data-element_type=\"widget\" data-widget_type=\"text-editor.default\">\n\t\t\t\t<div class=\"elementor-widget-container\">\n\t\t\t\t\t<div class=\"elementor-text-editor elementor-clearfix\"><h1>Der Erweiterungsbau<\/h1><\/div>\n\t\t\t\t<\/div>\n\t\t\t\t<\/div>\n\t\t\t\t<div class=\"elementor-element elementor-element-a553542 elementor-widget elementor-widget-text-editor\" data-id=\"a553542\" data-element_type=\"widget\" data-widget_type=\"text-editor.default\">\n\t\t\t\t<div class=\"elementor-widget-container\">\n\t\t\t\t\t<div class=\"elementor-text-editor elementor-clearfix\"><p>1000m\u00b2 zus\u00e4tzliche Ausstellungsfl\u00e4che<\/p><\/div>\n\t\t\t\t<\/div>\n\t\t\t\t<\/div>\n\t\t\t\t\t\t<\/div>\n\t\t\t<\/div>\n\t\t<\/div>\n\t\t\t\t\t\t<\/div>\n\t\t\t<\/div>\n\t\t<\/section>\n\t\t\t\t\t\t<\/div>\n\t\t\t<\/div>\n\t\t<\/div>\n\t\t\t\t\t\t<\/div>\n\t\t\t<\/div>\n\t\t<\/section>\n\t\t\t\t<section class=\"elementor-element elementor-element-3ad6ddd elementor-section-full_width ebcontent elementor-section-height-default elementor-section-height-default elementor-section elementor-top-section\" data-id=\"3ad6ddd\" data-element_type=\"section\" data-settings=\"{&quot;background_background&quot;:&quot;classic&quot;}\">\n\t\t\t\t\t\t\t<div class=\"elementor-background-overlay\"><\/div>\n\t\t\t\t\t\t\t<div class=\"elementor-container elementor-column-gap-no\">\n\t\t\t\t<div class=\"elementor-row\">\n\t\t\t\t<div class=\"elementor-element elementor-element-c9c5505 elementor-column elementor-col-100 elementor-top-column\" data-id=\"c9c5505\" data-element_type=\"column\">\n\t\t\t<div class=\"elementor-column-wrap  elementor-element-populated\">\n\t\t\t\t\t<div class=\"elementor-widget-wrap\">\n\t\t\t\t<section class=\"elementor-element elementor-element-ad02b27 ebinfo elementor-section-boxed elementor-section-height-default elementor-section-height-default elementor-section elementor-inner-section\" data-id=\"ad02b27\" data-element_type=\"section\">\n\t\t\t\t\t\t<div class=\"elementor-container elementor-column-gap-default\">\n\t\t\t\t<div class=\"elementor-row\">\n\t\t\t\t<div class=\"elementor-element elementor-element-f3ffadc elementor-column elementor-col-100 elementor-inner-column\" data-id=\"f3ffadc\" data-element_type=\"column\">\n\t\t\t<div class=\"elementor-column-wrap  elementor-element-populated\">\n\t\t\t\t\t<div class=\"elementor-widget-wrap\">\n\t\t\t\t<div class=\"elementor-element elementor-element-410fc8e elementor-widget elementor-widget-text-editor\" data-id=\"410fc8e\" data-element_type=\"widget\" data-widget_type=\"text-editor.default\">\n\t\t\t\t<div class=\"elementor-widget-container\">\n\t\t\t\t\t<div class=\"elementor-text-editor elementor-clearfix\"><h2>ein blick in die Zukunft<\/h2><\/div>\n\t\t\t\t<\/div>\n\t\t\t\t<\/div>\n\t\t\t\t<div class=\"elementor-element elementor-element-9bcf8f8 elementor-widget elementor-widget-text-editor\" data-id=\"9bcf8f8\" data-element_type=\"widget\" data-widget_type=\"text-editor.default\">\n\t\t\t\t<div class=\"elementor-widget-container\">\n\t\t\t\t\t<div class=\"elementor-text-editor elementor-clearfix\"><p style=\"text-align: justify;\"><span style=\"font-size: 12.0pt;\">Ihr Blick f\u00e4llt unmittelbar auf die Baustelle des Erweiterungsbaus des Wallraf- Richartz-Museums &amp; Fondation Corboud. Mit diesem wird ein neues Kapitel in der Geschichte des \u00e4ltesten Museums der Stadt K\u00f6ln aufgeschlagen:&nbsp;<\/span><span style=\"font-size: 12pt;\">Bis <\/span><span style=\"font-size: 12pt;\">2028 entstehen auf drei Etagen gut 1.000m\u00b2 zus\u00e4tzliche Ausstellungsfl\u00e4che sowie <\/span><span style=\"font-size: 12pt;\">500 m<\/span><sup>2<\/sup><span style=\"font-size: 12pt;\"> \u201ehinter den Kulissen\u201c. Damit k\u00f6nnen k\u00fcnftig weit mehr Sch\u00e4tze <\/span><span style=\"font-size: 12pt;\">aus dem reichen Bestand des Museums gezeigt werden. Im neuen Geb\u00e4ude findet die <\/span><span style=\"font-size: 12pt;\">Kunst des 19. Jahrhunderts \u2013 von Caspar David Friedrich bis Vincent van Gogh \u2013 ihren <\/span><span style=\"font-size: 12pt;\">Platz. Ein Highlight wird die Pr\u00e4sentation unserer gro\u00dfartigen Sammlung i<\/span><span style=\"font-size: 12pt;\">mpressionistischer Malerei sein.<\/span><\/p>\n<p style=\"text-align: justify;\"><span style=\"font-size: 12.0pt;\">Das bestehende, 2001 er\u00f6ffnete Geb\u00e4ude von O.M. Ungers wird durch einen Gang unter der Martinstra\u00dfe mit dem Erweiterungsbau verbunden. Dessen Entwurf stammt vom Architekturb\u00fcro Christ &amp; Gantenbein, Basel. Klare Proportionen und eine kluge Einpassung in das st\u00e4dtebauliche Umfeld am Rathaus kennzeichnen den Neubau. Eine besondere Qualit\u00e4t werden die aufwendig aus Backsteinen verschiedener Gr\u00f6\u00dfe und Farbe gestalteten Fassaden sein.<\/span><\/p><\/div>\n\t\t\t\t<\/div>\n\t\t\t\t<\/div>\n\t\t\t\t\t\t<\/div>\n\t\t\t<\/div>\n\t\t<\/div>\n\t\t\t\t\t\t<\/div>\n\t\t\t<\/div>\n\t\t<\/section>\n\t\t\t\t<section class=\"elementor-element elementor-element-793b5ee ebslider elementor-section-boxed elementor-section-height-default elementor-section-height-default elementor-section elementor-inner-section\" data-id=\"793b5ee\" data-element_type=\"section\">\n\t\t\t\t\t\t<div class=\"elementor-container elementor-column-gap-default\">\n\t\t\t\t<div class=\"elementor-row\">\n\t\t\t\t<div class=\"elementor-element elementor-element-811f032 elementor-column elementor-col-100 elementor-inner-column\" data-id=\"811f032\" data-element_type=\"column\">\n\t\t\t<div class=\"elementor-column-wrap  elementor-element-populated\">\n\t\t\t\t\t<div class=\"elementor-widget-wrap\">\n\t\t\t\t<div class=\"elementor-element elementor-element-81ac4ee elementor-widget elementor-widget-heading\" data-id=\"81ac4ee\" data-element_type=\"widget\" data-widget_type=\"heading.default\">\n\t\t\t\t<div class=\"elementor-widget-container\">\n\t\t\t<h2 class=\"elementor-heading-title elementor-size-default\">Der Baufortschritt<\/h2>\t\t<\/div>\n\t\t\t\t<\/div>\n\t\t\t\t<div class=\"elementor-element elementor-element-1c7eb5d elementor--h-position-center elementor--v-position-middle elementor-arrows-position-inside elementor-pagination-position-inside elementor-widget elementor-widget-slides\" data-id=\"1c7eb5d\" data-element_type=\"widget\" data-settings=\"{&quot;navigation&quot;:&quot;both&quot;,&quot;infinite&quot;:&quot;yes&quot;,&quot;transition&quot;:&quot;slide&quot;,&quot;transition_speed&quot;:500}\" data-widget_type=\"slides.default\">\n\t\t\t\t<div class=\"elementor-widget-container\">\n\t\t\t\t\t<div class=\"elementor-swiper\">\n\t\t\t<div class=\"elementor-slides-wrapper elementor-main-swiper swiper-container\" dir=\"ltr\" data-animation=\"\">\n\t\t\t\t<div class=\"swiper-wrapper elementor-slides\">\n\t\t\t\t\t<div class=\"elementor-repeater-item-cf23490 swiper-slide\"><div class=\"swiper-slide-bg\"><\/div><div class=\"swiper-slide-inner\" ><div class=\"swiper-slide-contents\"><div class=\"elementor-slide-heading\">Der Entwurf<\/div><div class=\"elementor-slide-description\">Blick vom Marsplatz auf das geplante Erweiterungsgeb\u00e4ude von Christ & Gantenbein. \n\u00a9 Christ & Gantenbein, Basel\n<\/div><div  class=\"elementor-button elementor-slide-button elementor-size-sm\">Hier klicken<\/div><\/div><\/div><\/div><div class=\"elementor-repeater-item-a4f6a8e swiper-slide\"><div class=\"swiper-slide-bg\"><\/div><div class=\"swiper-slide-inner\" ><div class=\"swiper-slide-contents\"><div class=\"elementor-slide-heading\">Der Bauplatz<\/div><div class=\"elementor-slide-description\">Blick auf das Gel\u00e4nde des ehemaligen Kaufhauses Kutz. Hier wird der Erweiterungsbau entstehen. \u00a9 Wallraf-Richartz-Museum & Fondation Corboud<\/div><div  class=\"elementor-button elementor-slide-button elementor-size-sm\">Hier klicken<\/div><\/div><\/div><\/div><div class=\"elementor-repeater-item-16c0a8f swiper-slide\"><div class=\"swiper-slide-bg\"><\/div><div class=\"swiper-slide-inner\" ><div class=\"swiper-slide-contents\"><div class=\"elementor-slide-heading\">20. Oktober 2018<\/div><div class=\"elementor-slide-description\">Die Bauphase f\u00fcr den Erweiterungsbau hat nun begonnen: Die Ausschreibung f\u00fcr den Tiefenbau l\u00e4uft. \n\u00a9 Raimond Spekking \/ CC BY-SA 4.0<\/div><div  class=\"elementor-button elementor-slide-button elementor-size-sm\">Hier klicken<\/div><\/div><\/div><\/div><div class=\"elementor-repeater-item-871cfd3 swiper-slide\"><div class=\"swiper-slide-bg\"><\/div><div class=\"swiper-slide-inner\" ><div class=\"swiper-slide-contents\"><div class=\"elementor-slide-heading\">09. September 2024<\/div><div class=\"elementor-slide-description\">Mit einem Rotationsbohrger\u00e4t werden L\u00f6cher f\u00fcr die Pf\u00e4hle vorgebohrt. \n\u00a9 Wallraf-Richartz-Museum & Fondation Corboud\n<\/div><div  class=\"elementor-button elementor-slide-button elementor-size-sm\">Hier klicken<\/div><\/div><\/div><\/div><div class=\"elementor-repeater-item-b19687e swiper-slide\"><div class=\"swiper-slide-bg\"><\/div><div class=\"swiper-slide-inner\" ><div class=\"swiper-slide-contents\"><div class=\"elementor-slide-heading\">18. Juni 2025<\/div><div class=\"elementor-slide-description\">Die Baugrube vergr\u00f6\u00dfert sich. \n\u00a9 Wallraf-Richartz-Museum & Fondation Corboud<\/div><div  class=\"elementor-button elementor-slide-button elementor-size-sm\">Hier klicken<\/div><\/div><\/div><\/div><div class=\"elementor-repeater-item-7857101 swiper-slide\"><div class=\"swiper-slide-bg\"><\/div><div class=\"swiper-slide-inner\" ><div class=\"swiper-slide-contents\"><div class=\"elementor-slide-heading\">9. Juli 2025<\/div><div class=\"elementor-slide-description\">Zur Sicherung der Baugrube kommen Baugrubensteifen aus Stahlrohren zum Einsatz. \n\u00a9 Wallraf-Richartz-Museum & Fondation Corboud<\/div><div  class=\"elementor-button elementor-slide-button elementor-size-sm\">Hier klicken<\/div><\/div><\/div><\/div><div class=\"elementor-repeater-item-fbf7e9a swiper-slide\"><div class=\"swiper-slide-bg\"><\/div><div class=\"swiper-slide-inner\" ><div class=\"swiper-slide-contents\"><div class=\"elementor-slide-heading\">21. Oktober 2025<\/div><div class=\"elementor-slide-description\">Blick auf den Ort der Grundsteinlegung. \n\u00a9 Wallraf-Richartz-Museum & Fondation Corboud<\/div><div  class=\"elementor-button elementor-slide-button elementor-size-sm\">Hier klicken<\/div><\/div><\/div><\/div><div class=\"elementor-repeater-item-dd13e64 swiper-slide\"><div class=\"swiper-slide-bg\"><\/div><div class=\"swiper-slide-inner\" ><div class=\"swiper-slide-contents\"><div class=\"elementor-slide-heading\">21. Oktober 2025<\/div><div class=\"elementor-slide-description\">Festakt auf dem Baugel\u00e4nde.\n\u00a9 Lutz Vogtl\u00e4nder<\/div><div  class=\"elementor-button elementor-slide-button elementor-size-sm\">Hier klicken<\/div><\/div><\/div><\/div><div class=\"elementor-repeater-item-e5f4530 swiper-slide\"><div class=\"swiper-slide-bg\"><\/div><div class=\"swiper-slide-inner\" ><div class=\"swiper-slide-contents\"><div class=\"elementor-slide-heading\">21. Okober 2025<\/div><div class=\"elementor-slide-description\">Mit der Mauerkelle legt OB Henriette Reker (Mitte) gemeinsam mit Museumsdirektor Marcus Dekiert (v. li.),  dem WRM-Stifterratsvorsitzenden Peter Jungen, dem Architekten Christoph Gantenbein und dem Projektmanager J\u00fcrgen Marc Volm den Grundstein.\n\u00a9 Lutz Vogtl\u00e4nder<\/div><div  class=\"elementor-button elementor-slide-button elementor-size-sm\">Hier klicken<\/div><\/div><\/div><\/div>\t\t\t\t<\/div>\n\t\t\t\t\t\t\t\t\t\t\t\t\t\t\t<div class=\"swiper-pagination\"><\/div>\n\t\t\t\t\t\t\t\t\t\t\t\t\t\t\t\t<div class=\"elementor-swiper-button elementor-swiper-button-prev\">\n\t\t\t\t\t\t\t<i class=\"eicon-chevron-left\" aria-hidden=\"true\"><\/i>\n\t\t\t\t\t\t\t<span class=\"elementor-screen-only\">Previous<\/span>\n\t\t\t\t\t\t<\/div>\n\t\t\t\t\t\t<div class=\"elementor-swiper-button elementor-swiper-button-next\">\n\t\t\t\t\t\t\t<i class=\"eicon-chevron-right\" aria-hidden=\"true\"><\/i>\n\t\t\t\t\t\t\t<span class=\"elementor-screen-only\">Next<\/span>\n\t\t\t\t\t\t<\/div>\n\t\t\t\t\t\t\t\t\t\t\t\t<\/div>\n\t\t<\/div>\n\t\t\t\t<\/div>\n\t\t\t\t<\/div>\n\t\t\t\t\t\t<\/div>\n\t\t\t<\/div>\n\t\t<\/div>\n\t\t\t\t\t\t<\/div>\n\t\t\t<\/div>\n\t\t<\/section>\n\t\t\t\t\t\t<\/div>\n\t\t\t<\/div>\n\t\t<\/div>\n\t\t\t\t\t\t<\/div>\n\t\t\t<\/div>\n\t\t<\/section>\n\t\t\t\t<section class=\"elementor-element elementor-element-b413e1c elementor-section-full_width ebfooter elementor-section-height-default elementor-section-height-default elementor-section elementor-top-section\" data-id=\"b413e1c\" data-element_type=\"section\">\n\t\t\t\t\t\t<div class=\"elementor-container elementor-column-gap-no\">\n\t\t\t\t<div class=\"elementor-row\">\n\t\t\t\t<div class=\"elementor-element elementor-element-2c92083 elementor-column elementor-col-100 elementor-top-column\" data-id=\"2c92083\" data-element_type=\"column\">\n\t\t\t<div class=\"elementor-column-wrap\">\n\t\t\t\t\t<div class=\"elementor-widget-wrap\">\n\t\t\t\t\t\t<\/div>\n\t\t\t<\/div>\n\t\t<\/div>\n\t\t\t\t\t\t<\/div>\n\t\t\t<\/div>\n\t\t<\/section>\n\t\t\t\t\t\t<\/div>\n\t\t\t<\/div>\n\t\t<\/div>\n\t\t<script><\/script>","protected":false},"excerpt":{"rendered":"<p>Der Erweiterungsbau 1000m\u00b2 zus\u00e4tzliche Ausstellungsfl\u00e4che ein blick in die Zukunft Ihr Blick f\u00e4llt unmittelbar auf die Baustelle des Erweiterungsbaus des Wallraf- Richartz-Museums &amp; Fondation Corboud. Mit diesem wird ein neues Kapitel in der Geschichte des \u00e4ltesten Museums der Stadt K\u00f6ln aufgeschlagen:&nbsp;Bis 2028 entstehen auf drei Etagen gut 1.000m\u00b2 zus\u00e4tzliche Ausstellungsfl\u00e4che sowie 500 m2 \u201ehinter den [&hellip;]<\/p>","protected":false},"author":2,"featured_media":0,"parent":0,"menu_order":0,"comment_status":"closed","ping_status":"closed","template":"elementor_header_footer","meta":[],"_links":{"self":[{"href":"https:\/\/360grad.wallraf.museum\/en\/wp-json\/wp\/v2\/pages\/5437"}],"collection":[{"href":"https:\/\/360grad.wallraf.museum\/en\/wp-json\/wp\/v2\/pages"}],"about":[{"href":"https:\/\/360grad.wallraf.museum\/en\/wp-json\/wp\/v2\/types\/page"}],"author":[{"embeddable":true,"href":"https:\/\/360grad.wallraf.museum\/en\/wp-json\/wp\/v2\/users\/2"}],"replies":[{"embeddable":true,"href":"https:\/\/360grad.wallraf.museum\/en\/wp-json\/wp\/v2\/comments?post=5437"}],"version-history":[{"count":10,"href":"https:\/\/360grad.wallraf.museum\/en\/wp-json\/wp\/v2\/pages\/5437\/revisions"}],"predecessor-version":[{"id":5532,"href":"https:\/\/360grad.wallraf.museum\/en\/wp-json\/wp\/v2\/pages\/5437\/revisions\/5532"}],"wp:attachment":[{"href":"https:\/\/360grad.wallraf.museum\/en\/wp-json\/wp\/v2\/media?parent=5437"}],"curies":[{"name":"wp","href":"https:\/\/api.w.org\/{rel}","templated":true}]}}