{"id":671,"date":"2020-08-31T14:31:32","date_gmt":"2020-08-31T12:31:32","guid":{"rendered":"https:\/\/360grad.wallraf.museum\/?page_id=671"},"modified":"2020-09-15T09:05:55","modified_gmt":"2020-09-15T07:05:55","slug":"e3_06_00","status":"publish","type":"page","link":"https:\/\/360grad.wallraf.museum\/en\/e3_06_00\/","title":{"rendered":"Wandtext OG3 Zwischen Sein und Schein"},"content":{"rendered":"<div data-elementor-type=\"wp-page\" data-elementor-id=\"671\" class=\"elementor elementor-671\" data-elementor-settings=\"[]\">\n\t\t\t<div class=\"elementor-inner\">\n\t\t\t\t<div class=\"elementor-section-wrap\">\n\t\t\t\t\t\t\t<section class=\"elementor-element elementor-element-eac2739 elementor-section-stretched elementor-section-full_width popup elementor-section-height-default elementor-section-height-default elementor-section elementor-top-section\" data-id=\"eac2739\" data-element_type=\"section\" data-settings=\"{&quot;stretch_section&quot;:&quot;section-stretched&quot;}\">\n\t\t\t\t\t\t<div class=\"elementor-container elementor-column-gap-no\">\n\t\t\t\t<div class=\"elementor-row\">\n\t\t\t\t<div class=\"elementor-element elementor-element-535918c elementor-column elementor-col-100 elementor-top-column\" data-id=\"535918c\" data-element_type=\"column\">\n\t\t\t<div class=\"elementor-column-wrap  elementor-element-populated\">\n\t\t\t\t\t<div class=\"elementor-widget-wrap\">\n\t\t\t\t<section class=\"elementor-element elementor-element-98504e4 elementor-section-full_width popupheader elementor-section-height-default elementor-section-height-default elementor-section elementor-inner-section\" data-id=\"98504e4\" data-element_type=\"section\" data-settings=\"{&quot;background_background&quot;:&quot;classic&quot;}\">\n\t\t\t\t\t\t<div class=\"elementor-container elementor-column-gap-no\">\n\t\t\t\t<div class=\"elementor-row\">\n\t\t\t\t<div class=\"elementor-element elementor-element-b6b6323 elementor-column elementor-col-100 elementor-inner-column\" data-id=\"b6b6323\" data-element_type=\"column\">\n\t\t\t<div class=\"elementor-column-wrap  elementor-element-populated\">\n\t\t\t\t\t<div class=\"elementor-widget-wrap\">\n\t\t\t\t<div class=\"elementor-element elementor-element-d35f97d elementor-widget elementor-widget-text-editor\" data-id=\"d35f97d\" data-element_type=\"widget\" data-widget_type=\"text-editor.default\">\n\t\t\t\t<div class=\"elementor-widget-container\">\n\t\t\t\t\t<div class=\"elementor-text-editor elementor-clearfix\"><h2>Gallery 6<\/h2><\/div>\n\t\t\t\t<\/div>\n\t\t\t\t<\/div>\n\t\t\t\t<div class=\"elementor-element elementor-element-0a679c9 elementor-widget elementor-widget-text-editor\" data-id=\"0a679c9\" data-element_type=\"widget\" data-widget_type=\"text-editor.default\">\n\t\t\t\t<div class=\"elementor-widget-container\">\n\t\t\t\t\t<div class=\"elementor-text-editor elementor-clearfix\"><\/div>\n\t\t\t\t<\/div>\n\t\t\t\t<\/div>\n\t\t\t\t\t\t<\/div>\n\t\t\t<\/div>\n\t\t<\/div>\n\t\t\t\t\t\t<\/div>\n\t\t\t<\/div>\n\t\t<\/section>\n\t\t\t\t<section class=\"elementor-element elementor-element-e9a1fc0 elementor-section-full_width popupbody elementor-section-height-default elementor-section-height-default elementor-section elementor-inner-section\" data-id=\"e9a1fc0\" data-element_type=\"section\" data-settings=\"{&quot;background_background&quot;:&quot;classic&quot;}\">\n\t\t\t\t\t\t<div class=\"elementor-container elementor-column-gap-extended\">\n\t\t\t\t<div class=\"elementor-row\">\n\t\t\t\t<div class=\"elementor-element elementor-element-60d1979 elementor-column elementor-col-33 elementor-inner-column\" data-id=\"60d1979\" data-element_type=\"column\">\n\t\t\t<div class=\"elementor-column-wrap\">\n\t\t\t\t\t<div class=\"elementor-widget-wrap\">\n\t\t\t\t\t\t<\/div>\n\t\t\t<\/div>\n\t\t<\/div>\n\t\t\t\t<div class=\"elementor-element elementor-element-c248cea elementor-column elementor-col-33 elementor-inner-column\" data-id=\"c248cea\" data-element_type=\"column\">\n\t\t\t<div class=\"elementor-column-wrap  elementor-element-populated\">\n\t\t\t\t\t<div class=\"elementor-widget-wrap\">\n\t\t\t\t<div class=\"elementor-element elementor-element-3039fea elementor-widget elementor-widget-heading\" data-id=\"3039fea\" data-element_type=\"widget\" data-widget_type=\"heading.default\">\n\t\t\t\t<div class=\"elementor-widget-container\">\n\t\t\t<h1 class=\"elementor-heading-title elementor-size-default\">Between Reality and Appearances<\/h1>\t\t<\/div>\n\t\t\t\t<\/div>\n\t\t\t\t<div class=\"elementor-element elementor-element-12b3b64 elementor-widget elementor-widget-text-editor\" data-id=\"12b3b64\" data-element_type=\"widget\" data-widget_type=\"text-editor.default\">\n\t\t\t\t<div class=\"elementor-widget-container\">\n\t\t\t\t\t<div class=\"elementor-text-editor elementor-clearfix\"><p>Why did it take so much time before artists hit on the idea of painting outdoors?<\/p><p>Although for a long time they had done sketches in the open, the actual painting of the landscape was done later in the studio. The artist's achievement was seen in bringing together and idealising the individual components of a landscape, and not in capturing an immediate impression of nature. Art had always to be better than visible reality. That only changed as the academic rules for painting came increasingly to be felt as a hindrance. By the beginning of the igth century, landscapes weighed down with symbolism failed to square any more with the realities of life at the dawn of industrialisation. Instead, the sight of pristine nature was held in esteem. Realism was in demand, even in the depiction of nature.<\/p><p>Artists no longer drew their inspiration from Italy, but from France. Already in 1830 a group of artists had discovered the delightful surroundings in the forest of Fontainebleau, south of Paris. Working under the open sky, they painted the landscape in all of its facets by taking random sections, and using natural lighting conditions and fresh colours. An artists colony was founded close to the village of Barbizon, which not only attracted German artists, but also convinced people about the possibilities of plein air painting. Likewise Germany saw new directions emerging in landscape painting. A landscape class was introduced at the Academy in D\u00fcsseldorf, in which studies were increasingly done in the open. The development of plein air painting in France and Germany contained the seed of Impressionism.<\/p><\/div>\n\t\t\t\t<\/div>\n\t\t\t\t<\/div>\n\t\t\t\t\t\t<\/div>\n\t\t\t<\/div>\n\t\t<\/div>\n\t\t\t\t<div class=\"elementor-element elementor-element-af99433 mediapanel elementor-column elementor-col-33 elementor-inner-column\" data-id=\"af99433\" data-element_type=\"column\">\n\t\t\t<div class=\"elementor-column-wrap\">\n\t\t\t\t\t<div class=\"elementor-widget-wrap\">\n\t\t\t\t\t\t<\/div>\n\t\t\t<\/div>\n\t\t<\/div>\n\t\t\t\t\t\t<\/div>\n\t\t\t<\/div>\n\t\t<\/section>\n\t\t\t\t\t\t<\/div>\n\t\t\t<\/div>\n\t\t<\/div>\n\t\t\t\t\t\t<\/div>\n\t\t\t<\/div>\n\t\t<\/section>\n\t\t\t\t\t\t<\/div>\n\t\t\t<\/div>\n\t\t<\/div>\n\t\t<div id=\"socialmedialinks\"><a href=\"https:\/\/www.facebook.com\/wallraf.museum\">\n\t\t\t\t\t\t\t<img width=\"30\" height=\"30\" src=\"https:\/\/360grad.wallraf.museum\/wp-content\/uploads\/Icon_Social_fb.png\" class=\"attachment-full size-full\" alt=\"\" loading=\"lazy\" \/>\t\t\t\t\t\t\t\t<\/a><a href=\"https:\/\/www.instagram.com\/wallrafrichartzmuseum\/\">\n\t\t\t\t\t\t\t<img width=\"30\" height=\"30\" src=\"https:\/\/360grad.wallraf.museum\/wp-content\/uploads\/Icon_Social_instagram.png\" class=\"attachment-full size-full\" alt=\"\" loading=\"lazy\" \/>\t\t\t\t\t\t\t\t<\/a><\/div><script><\/script>","protected":false},"excerpt":{"rendered":"<p>Saal 6 Zwischen Sein und Schein Warum eigentlich kamen K\u00fcnstler erst so sp\u00e4t auf die Idee, im Freien zu malen? Schon lange hatten Maler in der Natur Skizzen angefertigt. Die Ausf\u00fchrung eines Landschaftsbildes erfolgte jedoch stets im Atelier. Als k\u00fcnstlerische Leistung galt das Durchkomponieren und Idealisieren der einzelnen Landschaftselemente, nicht jedoch der unmittelbare Natureindruck. Kunst [&hellip;]<\/p>","protected":false},"author":3,"featured_media":0,"parent":0,"menu_order":1,"comment_status":"closed","ping_status":"closed","template":"elementor_header_footer","meta":[],"_links":{"self":[{"href":"https:\/\/360grad.wallraf.museum\/en\/wp-json\/wp\/v2\/pages\/671"}],"collection":[{"href":"https:\/\/360grad.wallraf.museum\/en\/wp-json\/wp\/v2\/pages"}],"about":[{"href":"https:\/\/360grad.wallraf.museum\/en\/wp-json\/wp\/v2\/types\/page"}],"author":[{"embeddable":true,"href":"https:\/\/360grad.wallraf.museum\/en\/wp-json\/wp\/v2\/users\/3"}],"replies":[{"embeddable":true,"href":"https:\/\/360grad.wallraf.museum\/en\/wp-json\/wp\/v2\/comments?post=671"}],"version-history":[{"count":3,"href":"https:\/\/360grad.wallraf.museum\/en\/wp-json\/wp\/v2\/pages\/671\/revisions"}],"predecessor-version":[{"id":676,"href":"https:\/\/360grad.wallraf.museum\/en\/wp-json\/wp\/v2\/pages\/671\/revisions\/676"}],"wp:attachment":[{"href":"https:\/\/360grad.wallraf.museum\/en\/wp-json\/wp\/v2\/media?parent=671"}],"curies":[{"name":"wp","href":"https:\/\/api.w.org\/{rel}","templated":true}]}}