{"id":743,"date":"2020-09-02T17:44:23","date_gmt":"2020-09-02T15:44:23","guid":{"rendered":"https:\/\/360grad.wallraf.museum\/?page_id=743"},"modified":"2021-10-04T14:08:54","modified_gmt":"2021-10-04T12:08:54","slug":"e1_05_01","status":"publish","type":"page","link":"https:\/\/360grad.wallraf.museum\/en\/e1_05_01\/","title":{"rendered":"Bildinfo OG1 Muttergottes in der Rosenlaube"},"content":{"rendered":"<div data-elementor-type=\"wp-page\" data-elementor-id=\"743\" class=\"elementor elementor-743\" data-elementor-settings=\"[]\">\n\t\t\t<div class=\"elementor-inner\">\n\t\t\t\t<div class=\"elementor-section-wrap\">\n\t\t\t\t\t\t\t<section class=\"elementor-element elementor-element-eac2739 elementor-section-stretched elementor-section-full_width popup elementor-section-height-default elementor-section-height-default elementor-section elementor-top-section\" data-id=\"eac2739\" data-element_type=\"section\" data-settings=\"{&quot;stretch_section&quot;:&quot;section-stretched&quot;}\">\n\t\t\t\t\t\t<div class=\"elementor-container elementor-column-gap-no\">\n\t\t\t\t<div class=\"elementor-row\">\n\t\t\t\t<div class=\"elementor-element elementor-element-535918c elementor-column elementor-col-100 elementor-top-column\" data-id=\"535918c\" data-element_type=\"column\">\n\t\t\t<div class=\"elementor-column-wrap  elementor-element-populated\">\n\t\t\t\t\t<div class=\"elementor-widget-wrap\">\n\t\t\t\t<section class=\"elementor-element elementor-element-98504e4 elementor-section-full_width popupheader elementor-section-height-default elementor-section-height-default elementor-section elementor-inner-section\" data-id=\"98504e4\" data-element_type=\"section\" data-settings=\"{&quot;background_background&quot;:&quot;classic&quot;}\">\n\t\t\t\t\t\t<div class=\"elementor-container elementor-column-gap-no\">\n\t\t\t\t<div class=\"elementor-row\">\n\t\t\t\t<div class=\"elementor-element elementor-element-b6b6323 elementor-column elementor-col-100 elementor-inner-column\" data-id=\"b6b6323\" data-element_type=\"column\">\n\t\t\t<div class=\"elementor-column-wrap  elementor-element-populated\">\n\t\t\t\t\t<div class=\"elementor-widget-wrap\">\n\t\t\t\t<div class=\"elementor-element elementor-element-d35f97d elementor-widget elementor-widget-text-editor\" data-id=\"d35f97d\" data-element_type=\"widget\" data-widget_type=\"text-editor.default\">\n\t\t\t\t<div class=\"elementor-widget-container\">\n\t\t\t\t\t<div class=\"elementor-text-editor elementor-clearfix\"><h2>Madonna of the Rose Bower<\/h2><\/div>\n\t\t\t\t<\/div>\n\t\t\t\t<\/div>\n\t\t\t\t<div class=\"elementor-element elementor-element-0a679c9 elementor-widget elementor-widget-text-editor\" data-id=\"0a679c9\" data-element_type=\"widget\" data-widget_type=\"text-editor.default\">\n\t\t\t\t<div class=\"elementor-widget-container\">\n\t\t\t\t\t<div class=\"elementor-text-editor elementor-clearfix\"><p><strong>c. 1400-1442<\/strong>\u00a0 |\u00a0 STEFAN LOCHNER <em>(Hagnau (Lake Constance), c. 1400\/1410\u2009\u2013\u20091451 Cologne)<\/em><\/p><\/div>\n\t\t\t\t<\/div>\n\t\t\t\t<\/div>\n\t\t\t\t\t\t<\/div>\n\t\t\t<\/div>\n\t\t<\/div>\n\t\t\t\t\t\t<\/div>\n\t\t\t<\/div>\n\t\t<\/section>\n\t\t\t\t<section class=\"elementor-element elementor-element-e9a1fc0 elementor-section-full_width popupbody elementor-section-height-default elementor-section-height-default elementor-section elementor-inner-section\" data-id=\"e9a1fc0\" data-element_type=\"section\" data-settings=\"{&quot;background_background&quot;:&quot;classic&quot;}\">\n\t\t\t\t\t\t<div class=\"elementor-container elementor-column-gap-extended\">\n\t\t\t\t<div class=\"elementor-row\">\n\t\t\t\t<div class=\"elementor-element elementor-element-60d1979 elementor-column elementor-col-33 elementor-inner-column\" data-id=\"60d1979\" data-element_type=\"column\">\n\t\t\t<div class=\"elementor-column-wrap  elementor-element-populated\">\n\t\t\t\t\t<div class=\"elementor-widget-wrap\">\n\t\t\t\t<div class=\"elementor-element elementor-element-f3d22cf zoooom elementor-widget elementor-widget-image\" data-id=\"f3d22cf\" data-element_type=\"widget\" data-widget_type=\"image.default\">\n\t\t\t\t<div class=\"elementor-widget-container\">\n\t\t\t\t\t<div class=\"elementor-image\">\n\t\t\t\t\t\t\t\t\t\t\t<div class=\"MagicToolboxContainer\"><a class=\"MagicZoom\" href=\"https:\/\/360grad.wallraf.museum\/wp-content\/uploads\/9139_Wallraf_Mf_MA_012-scaled.jpg\" data-elementor-open-lightbox=\"yes\" data-elementor-lightbox-title=\"9139_Wallraf_Mf_MA_012\">\n\t\t\t\t\t\t\t<img width=\"1996\" height=\"2560\" src=\"https:\/\/360grad.wallraf.museum\/wp-content\/uploads\/9139_Wallraf_Mf_MA_012-scaled.jpg\" class=\"attachment-full size-full\" alt=\"\" loading=\"lazy\" srcset=\"https:\/\/360grad.wallraf.museum\/wp-content\/uploads\/9139_Wallraf_Mf_MA_012-scaled.jpg 1996w, https:\/\/360grad.wallraf.museum\/wp-content\/uploads\/9139_Wallraf_Mf_MA_012-234x300.jpg 234w, https:\/\/360grad.wallraf.museum\/wp-content\/uploads\/9139_Wallraf_Mf_MA_012-798x1024.jpg 798w, https:\/\/360grad.wallraf.museum\/wp-content\/uploads\/9139_Wallraf_Mf_MA_012-768x985.jpg 768w, https:\/\/360grad.wallraf.museum\/wp-content\/uploads\/9139_Wallraf_Mf_MA_012-1197x1536.jpg 1197w, https:\/\/360grad.wallraf.museum\/wp-content\/uploads\/9139_Wallraf_Mf_MA_012-1597x2048.jpg 1597w\" sizes=\"(max-width: 1996px) 100vw, 1996px\" \/>\t\t\t\t\t\t\t\t<\/a><\/div>\n\t\t\t\t\t\t\t\t\t\t\t<\/div>\n\t\t\t\t<\/div>\n\t\t\t\t<\/div>\n\t\t\t\t<div class=\"elementor-element elementor-element-d1cb449 creditline elementor-widget elementor-widget-text-editor\" data-id=\"d1cb449\" data-element_type=\"widget\" data-widget_type=\"text-editor.default\">\n\t\t\t\t<div class=\"elementor-widget-container\">\n\t\t\t\t\t<div class=\"elementor-text-editor elementor-clearfix\"><p>\u00a9 Rheinisches Bildarchiv K\u00f6ln, rba_d034368, Albers, Michael, 2015<\/p><\/div>\n\t\t\t\t<\/div>\n\t\t\t\t<\/div>\n\t\t\t\t\t\t<\/div>\n\t\t\t<\/div>\n\t\t<\/div>\n\t\t\t\t<div class=\"elementor-element elementor-element-c248cea elementor-column elementor-col-33 elementor-inner-column\" data-id=\"c248cea\" data-element_type=\"column\">\n\t\t\t<div class=\"elementor-column-wrap  elementor-element-populated\">\n\t\t\t\t\t<div class=\"elementor-widget-wrap\">\n\t\t\t\t<div class=\"elementor-element elementor-element-12b3b64 elementor-widget elementor-widget-text-editor\" data-id=\"12b3b64\" data-element_type=\"widget\" data-widget_type=\"text-editor.default\">\n\t\t\t\t<div class=\"elementor-widget-container\">\n\t\t\t\t\t<div class=\"elementor-text-editor elementor-clearfix\"><h3>The Lord God is in the Details<\/h3><p>The most famous painting from Cologne contains almost countless details - and not one of them is an end in itself.\nLook at the ornamentation that has been worked into the Virgin\u2019s halo: it is a simplified representation of the lunar cycle and points to the mediaeval link between astronomy and theology. The tiny broach Mary is wearing echoes the main image in symbolic form, because if shows a virgin maiden (Mary) with a unicorn (Christ). The overall composition is based on an invisible grid, which was devised using an old Cologne measure: a hidden reference to the order in the divine plan of salvation. Like the cogs of a complex clockwork, these elements all interlock to produce an extremely subtle theological message.<\/p><\/div>\n\t\t\t\t<\/div>\n\t\t\t\t<\/div>\n\t\t\t\t<div class=\"elementor-element elementor-element-7e1e840 elementor-widget elementor-widget-divider\" data-id=\"7e1e840\" data-element_type=\"widget\" data-widget_type=\"divider.default\">\n\t\t\t\t<div class=\"elementor-widget-container\">\n\t\t\t\t\t<div class=\"elementor-divider\">\n\t\t\t<span class=\"elementor-divider-separator\">\n\t\t\t\t\t\t<\/span>\n\t\t<\/div>\n\t\t\t\t<\/div>\n\t\t\t\t<\/div>\n\t\t\t\t<div class=\"elementor-element elementor-element-19e911c elementor-widget elementor-widget-text-editor\" data-id=\"19e911c\" data-element_type=\"widget\" data-widget_type=\"text-editor.default\">\n\t\t\t\t<div class=\"elementor-widget-container\">\n\t\t\t\t\t<div class=\"elementor-text-editor elementor-clearfix\"><p><strong style=\"letter-spacing: 0px;\">Wood, 50,5 \u00d7 40 cm<\/strong><\/p>\n<p>Acquired 1848 as a bequest from F.J.J.M. von Herwegh<br>WRM 67<\/p><\/div>\n\t\t\t\t<\/div>\n\t\t\t\t<\/div>\n\t\t\t\t\t\t<\/div>\n\t\t\t<\/div>\n\t\t<\/div>\n\t\t\t\t<div class=\"elementor-element elementor-element-af99433 mediapanel elementor-column elementor-col-33 elementor-inner-column\" data-id=\"af99433\" data-element_type=\"column\">\n\t\t\t<div class=\"elementor-column-wrap  elementor-element-populated\">\n\t\t\t\t\t<div class=\"elementor-widget-wrap\">\n\t\t\t\t<div class=\"elementor-element elementor-element-847aa59 elementor-widget elementor-widget-text-editor\" data-id=\"847aa59\" data-element_type=\"widget\" data-widget_type=\"text-editor.default\">\n\t\t\t\t<div class=\"elementor-widget-container\">\n\t\t\t\t\t<div class=\"elementor-text-editor elementor-clearfix\"><h3>Medien<\/h3><\/div>\n\t\t\t\t<\/div>\n\t\t\t\t<\/div>\n\t\t\t\t<div class=\"elementor-element elementor-element-5423d24 popupmedia video elementor-widget elementor-widget-image\" data-id=\"5423d24\" data-element_type=\"widget\" data-widget_type=\"image.default\">\n\t\t\t\t<div class=\"elementor-widget-container\">\n\t\t\t\t\t<div class=\"elementor-image\">\n\t\t\t\t\t\t\t\t\t\t\t<a href=\"https:\/\/www.youtube.com\/watch?v=4WYiljRvg3o&amp;t=5s\">\n\t\t\t\t\t\t\t<img width=\"294\" height=\"197\" src=\"https:\/\/360grad.wallraf.museum\/wp-content\/uploads\/Erzaehl-mir-Kunst_Lochner.jpg\" class=\"attachment-full size-full\" alt=\"\" loading=\"lazy\" \/>\t\t\t\t\t\t\t\t<\/a>\n\t\t\t\t\t\t\t\t\t\t\t<\/div>\n\t\t\t\t<\/div>\n\t\t\t\t<\/div>\n\t\t\t\t<div class=\"elementor-element elementor-element-f46755f elementor-drop-cap-yes elementor-drop-cap-view-default elementor-widget elementor-widget-text-editor\" data-id=\"f46755f\" data-element_type=\"widget\" data-settings=\"{&quot;drop_cap&quot;:&quot;yes&quot;}\" data-widget_type=\"text-editor.default\">\n\t\t\t\t<div class=\"elementor-widget-container\">\n\t\t\t\t\t<div class=\"elementor-text-editor elementor-clearfix\"><p><span style=\"color: #ff0000;\">Video |<\/span>\u00a0 Erz\u00e4hl mir Kunst<\/p><\/div>\n\t\t\t\t<\/div>\n\t\t\t\t<\/div>\n\t\t\t\t<div class=\"elementor-element elementor-element-2e9ee01 elementor-widget elementor-widget-text-editor\" data-id=\"2e9ee01\" data-element_type=\"widget\" data-widget_type=\"text-editor.default\">\n\t\t\t\t<div class=\"elementor-widget-container\">\n\t\t\t\t\t<div class=\"elementor-text-editor elementor-clearfix\"><\/div>\n\t\t\t\t<\/div>\n\t\t\t\t<\/div>\n\t\t\t\t\t\t<\/div>\n\t\t\t<\/div>\n\t\t<\/div>\n\t\t\t\t\t\t<\/div>\n\t\t\t<\/div>\n\t\t<\/section>\n\t\t\t\t<div class=\"elementor-element elementor-element-47eb9c2 elementor-widget elementor-widget-text-editor\" data-id=\"47eb9c2\" data-element_type=\"widget\" data-widget_type=\"text-editor.default\">\n\t\t\t\t<div class=\"elementor-widget-container\">\n\t\t\t\t\t<div class=\"elementor-text-editor elementor-clearfix\"><\/div>\n\t\t\t\t<\/div>\n\t\t\t\t<\/div>\n\t\t\t\t\t\t<\/div>\n\t\t\t<\/div>\n\t\t<\/div>\n\t\t\t\t\t\t<\/div>\n\t\t\t<\/div>\n\t\t<\/section>\n\t\t\t\t<section class=\"elementor-element elementor-element-3024a2f elementor-section-stretched elementor-section-full_width elementor-section-height-min-height elementor-section-content-middle displayvideo elementor-section-height-default elementor-section-items-middle elementor-section elementor-top-section\" data-id=\"3024a2f\" data-element_type=\"section\" data-settings=\"{&quot;stretch_section&quot;:&quot;section-stretched&quot;,&quot;background_background&quot;:&quot;classic&quot;}\">\n\t\t\t\t\t\t<div class=\"elementor-container elementor-column-gap-no\">\n\t\t\t\t<div class=\"elementor-row\">\n\t\t\t\t<div class=\"elementor-element elementor-element-859c625 elementor-column elementor-col-100 elementor-top-column\" data-id=\"859c625\" data-element_type=\"column\">\n\t\t\t<div class=\"elementor-column-wrap\">\n\t\t\t\t\t<div class=\"elementor-widget-wrap\">\n\t\t\t\t\t\t<\/div>\n\t\t\t<\/div>\n\t\t<\/div>\n\t\t\t\t\t\t<\/div>\n\t\t\t<\/div>\n\t\t<\/section>\n\t\t\t\t<section class=\"elementor-element elementor-element-642efd9 elementor-section-stretched elementor-section-full_width elementor-section-height-min-height elementor-section-content-middle displayaudio elementor-section-height-default elementor-section-items-middle elementor-section elementor-top-section\" data-id=\"642efd9\" data-element_type=\"section\" data-settings=\"{&quot;stretch_section&quot;:&quot;section-stretched&quot;,&quot;background_background&quot;:&quot;classic&quot;}\">\n\t\t\t\t\t\t<div class=\"elementor-container elementor-column-gap-no\">\n\t\t\t\t<div class=\"elementor-row\">\n\t\t\t\t<div class=\"elementor-element elementor-element-42ea32e elementor-column elementor-col-100 elementor-top-column\" data-id=\"42ea32e\" data-element_type=\"column\">\n\t\t\t<div class=\"elementor-column-wrap  elementor-element-populated\">\n\t\t\t\t\t<div class=\"elementor-widget-wrap\">\n\t\t\t\t<section class=\"elementor-element elementor-element-b218992 elementor-section-boxed elementor-section-height-default elementor-section-height-default elementor-section elementor-inner-section\" data-id=\"b218992\" data-element_type=\"section\">\n\t\t\t\t\t\t<div class=\"elementor-container elementor-column-gap-default\">\n\t\t\t\t<div class=\"elementor-row\">\n\t\t\t\t<div class=\"elementor-element elementor-element-9d258ad elementor-column elementor-col-100 elementor-inner-column\" data-id=\"9d258ad\" data-element_type=\"column\">\n\t\t\t<div class=\"elementor-column-wrap  elementor-element-populated\">\n\t\t\t\t\t<div class=\"elementor-widget-wrap\">\n\t\t\t\t<div class=\"elementor-element elementor-element-f4fb45f elementor-aspect-ratio-169 elementor-widget elementor-widget-video\" data-id=\"f4fb45f\" data-element_type=\"widget\" data-settings=\"{&quot;aspect_ratio&quot;:&quot;169&quot;}\" data-widget_type=\"video.default\">\n\t\t\t\t<div class=\"elementor-widget-container\">\n\t\t\t\t\t<div class=\"elementor-wrapper elementor-fit-aspect-ratio elementor-open-inline\">\n\t\t\t\t\t<video class=\"elementor-video\" src=\"https:\/\/360grad.wallraf.museum\/wp-content\/uploads\/Wallraf-Junior_Stefan-Lochner_Muttergottes-Rosenlaube.mp3\" controls=\"\" controlslist=\"nodownload\"><\/video>\n\t\t\t\t<\/div>\n\t\t\t\t<\/div>\n\t\t\t\t<\/div>\n\t\t\t\t\t\t<\/div>\n\t\t\t<\/div>\n\t\t<\/div>\n\t\t\t\t\t\t<\/div>\n\t\t\t<\/div>\n\t\t<\/section>\n\t\t\t\t\t\t<\/div>\n\t\t\t<\/div>\n\t\t<\/div>\n\t\t\t\t\t\t<\/div>\n\t\t\t<\/div>\n\t\t<\/section>\n\t\t\t\t\t\t<\/div>\n\t\t\t<\/div>\n\t\t<\/div>\n\t\t<div id=\"socialmedialinks\"><a href=\"https:\/\/www.facebook.com\/wallraf.museum\">\n\t\t\t\t\t\t\t<img width=\"30\" height=\"30\" src=\"https:\/\/360grad.wallraf.museum\/wp-content\/uploads\/Icon_Social_fb.png\" class=\"attachment-full size-full\" alt=\"\" loading=\"lazy\" \/>\t\t\t\t\t\t\t\t<\/a><a href=\"https:\/\/www.instagram.com\/wallrafrichartzmuseum\/\">\n\t\t\t\t\t\t\t<img width=\"30\" height=\"30\" src=\"https:\/\/360grad.wallraf.museum\/wp-content\/uploads\/Icon_Social_instagram.png\" class=\"attachment-full size-full\" alt=\"\" loading=\"lazy\" \/>\t\t\t\t\t\t\t\t<\/a><\/div><script><\/script>","protected":false},"excerpt":{"rendered":"<p>Die Muttergottes in der Rosenlaube um 1440-1442\u00a0 |\u00a0 STEFAN LOCHNER (Hagnau (Bodensee), um 1400\/1410\u2009\u2013\u20091451 K\u00f6ln) \u00a9 Rheinisches Bildarchiv K\u00f6ln, rba_d034368, Albers, Michael, 2015 Der liebe Gott steckt im Detail Das ber\u00fchmteste K\u00f6lner Gem\u00e4lde enth\u00e4lt zahllose Details &#8211; nichts davon ist Selbstzweck. Betrachten Sie das in den Heiligenschein Mariens gedr\u00fcckte Ornament: Es ist eine vereinfachte Darstellung [&hellip;]<\/p>","protected":false},"author":3,"featured_media":0,"parent":0,"menu_order":1,"comment_status":"closed","ping_status":"closed","template":"elementor_header_footer","meta":[],"_links":{"self":[{"href":"https:\/\/360grad.wallraf.museum\/en\/wp-json\/wp\/v2\/pages\/743"}],"collection":[{"href":"https:\/\/360grad.wallraf.museum\/en\/wp-json\/wp\/v2\/pages"}],"about":[{"href":"https:\/\/360grad.wallraf.museum\/en\/wp-json\/wp\/v2\/types\/page"}],"author":[{"embeddable":true,"href":"https:\/\/360grad.wallraf.museum\/en\/wp-json\/wp\/v2\/users\/3"}],"replies":[{"embeddable":true,"href":"https:\/\/360grad.wallraf.museum\/en\/wp-json\/wp\/v2\/comments?post=743"}],"version-history":[{"count":10,"href":"https:\/\/360grad.wallraf.museum\/en\/wp-json\/wp\/v2\/pages\/743\/revisions"}],"predecessor-version":[{"id":1661,"href":"https:\/\/360grad.wallraf.museum\/en\/wp-json\/wp\/v2\/pages\/743\/revisions\/1661"}],"wp:attachment":[{"href":"https:\/\/360grad.wallraf.museum\/en\/wp-json\/wp\/v2\/media?parent=743"}],"curies":[{"name":"wp","href":"https:\/\/api.w.org\/{rel}","templated":true}]}}